{"id":760,"date":"2023-12-18T09:52:53","date_gmt":"2023-12-18T09:52:53","guid":{"rendered":"https:\/\/demo.creativethemes.com\/blocksy\/smart-home\/?page_id=11"},"modified":"2024-02-28T21:39:18","modified_gmt":"2024-02-28T21:39:18","slug":"imprint","status":"publish","type":"page","link":"https:\/\/auerblohberger.com\/en\/imprint\/","title":{"rendered":"Imprint"},"content":{"rendered":"\n<div class=\"wp-block-greenshift-blocks-row alignfull gspb_row gspb_row-id-gsbp-62bdcfc3-7697\" id=\"gspb_row-id-gsbp-62bdcfc3-7697\"><div class=\"gspb_backgroundOverlay\"><\/div><div class=\"gspb_row__content\"> \n<div class=\"wp-block-greenshift-blocks-row-column gspb_row__col--12 gspb_col-id-gsbp-f75a7ac2-edf1\" id=\"gspb_col-id-gsbp-f75a7ac2-edf1\">\n<h1 id=\"gspb_heading-id-gsbp-bf94dc64-75bd\" class=\"gspb_heading gspb_heading-id-gsbp-bf94dc64-75bd \">Imprint<\/h1>\n<\/div>\n <\/div><\/div>\n\n\n\n<div class=\"wp-block-greenshift-blocks-container gspb_container gspb_container-gsbp-840058f\" id=\"gspb_container-id-gsbp-840058f\">\n<h2 id=\"gspb_heading-id-gsbp-a7a60d0\" class=\"gspb_heading gspb_heading-id-gsbp-a7a60d0 \">Responsible for the Content of this Website<\/h2>\n\n\n\n<div id=\"gspb_text-id-gsbp-ee9dfff\" class=\"gspb_text gspb_text-id-gsbp-ee9dfff \"><strong>AuerBlohberger Partnerschaft mbB, Wirtschaftspr\u00fcfer, Steuerberater<\/strong><br>represented by<br>Markus Auer, StB, FB Intern StR<br>Birgitt Auer-Blohberger, WP, StB<br>Geyerstr. 32<br>80469 Munich, Germany<br>Phone: +49 (0)89 72 30 90 30<br>Fax: +49 (0)89 72 30 90 31<br>E-Mail: info@auerblohberger.com<br><br>Sales tax identification number: DE 198163523<br><br>and<br><strong>Astrid Blohberger, Rechtsanw\u00e4ltin<\/strong><br>Geyerstr. 32<br>80469 Munich, Germany<br>Phone: +49 (0)89 72 30 90 30<br>Fax: +49 (0)89 72 30 90 31<br>E-Mail: info@auerblohberger.com<br><br>Sales tax identification number: DE 206364177<\/div>\n\n\n\n<h4 id=\"gspb_heading-id-gsbp-157960a3-7cfb\" class=\"gspb_heading gspb_heading-id-gsbp-157960a3-7cfb \">Applicable Professional Rules for Tax Advisors and Auditors<\/h4>\n\n\n\n<div id=\"gspb_text-id-gsbp-a4ce8d4\" class=\"gspb_text gspb_text-id-gsbp-a4ce8d4 \">The titles &#8220;Steuerberater&#8221; and &#8220;Wirtschaftspr\u00fcfer&#8221; were awarded in the Federal Republic of Germany.<br><br>The tax consultancy profession is essentially subject to the following regulations:<br><br>Steuerberatungsgesetz (StBerG)<br>Durchf\u00fchrungsverordnung zum Steuerberatungsgesetz (DVStB)<br>Berufsordnung der Bundessteuerberaterkammer (BOStB)<br>Steuerberatergeb\u00fchrenverordnung (StBGebV)<br><br>The current version of the above regulations and further information can also be found on the homepage of the Federal Chamber of Tax Consultants at <a href=\"https:\/\/www.bstbk.de\" target=\"_blank\" rel=\"noreferrer noopener\">www.bstb<\/a><a href=\"https:\/\/www.bstbk.de\">k.de<\/a>.<br><br><strong>Competent supervisory authority and competent chamber<\/strong><br>Steuerberaterkammer M\u00fcnchen<br>Nederlinger Stra\u00dfe 9<br>80638 Munich, Germany<br>Phone: + 49 (0)89 157902-0<br>Fax: + 49 (0)89 157902-19<br><a href=\"https:\/\/www.stbk-muc.de\" target=\"_blank\" rel=\"noreferrer noopener\">w<\/a><a href=\"https:\/\/www.stbk-muc.de\">ww.stbk-muc.de<\/a><br><br>If the persons authorized to represent the company are (also simultaneously) auditors, they are also members of the Chamber of Auditors, which is responsible for them as the supervisory authority:<br><br>Wirtschaftspr\u00fcferkammer<br>Rauchstra\u00dfe 26<br>10787 Berlin, Germany<br>Phone: + 49 (0)30 726161-0<br>Fax: + 49 (0)30 726161-212<br><a href=\"https:\/\/www.wpk.de\" target=\"_blank\" rel=\"noreferrer noopener\">www.wpk.de<\/a><br><br>The relevant professional regulations for auditors include the following:<br><br>Berufssatzung f\u00fcr Wirtschaftspr\u00fcfer\/vereidigte Buchpr\u00fcfer (BS WP\/vBP)<br>Satzung f\u00fcr Qualit\u00e4tskontrolle (\u00a7 57c WPO)<br>Wirtschaftspr\u00fcfer-Berufshaftpflichtversicherungsordnung (WPBHV)<br>Gesetz \u00fcber eine Berufsordnung f\u00fcr Wirtschaftspr\u00fcfer (WPO)<br><br>The current versions of the above regulations and further information can also be found on the website of the Chamber of Public Accountants at <a href=\"https:\/\/www.wpk.de\" target=\"_blank\" rel=\"noreferrer noopener\">www.wpk.de<\/a> under &#8220;Legal provisions&#8221;.<br><br><strong>Professional liability<\/strong><br>Our professional liability insurance is with HDI Versicherung AG, 30650 Hanover.<br><br>With regard to our professional liability, we also refer to the German Partnership Act (PartGG) and the General Engagement Terms for German Public Auditors and Public Audit Firms dated January 1, 2024.<\/div>\n\n\n\n<h4 id=\"gspb_heading-id-gsbp-b746c47\" class=\"gspb_heading gspb_heading-id-gsbp-b746c47 \">Applicable Professional Rules for Lawyers<\/h4>\n\n\n\n<div id=\"gspb_text-id-gsbp-878ab21\" class=\"gspb_text gspb_text-id-gsbp-878ab21 \"><strong>Job title<\/strong><br>The title &#8220;Rechtsanw\u00e4ltin&#8221; was awarded in the Federal Republic of Germany.<br><br>The profession of lawyer is essentially subject to the following professional regulations:<br><br>Bundesrechtsanwaltsordnung (BRAO)<br>Berufsordnung f\u00fcr Rechtsanw\u00e4lte (BORA)<br>Fachanwaltsordnung (FAO)<br>Rechtsanwaltsverg\u00fctungsgesetz (RVG)<br>Gesetz \u00fcber die T\u00e4tigkeit europ\u00e4ischer Rechtsanw\u00e4lte in Deutschland (EuRAG),<br>Berufsregeln der Rechtsanw\u00e4lte der Europ\u00e4ischen Union (CCBE),<br><br>These can be viewed at the relevant bar association or accessed on the website of the Federal Bar Association at <a href=\"https:\/\/www.brak.de\" target=\"_blank\" rel=\"noreferrer noopener\">w<\/a><a href=\"https:\/\/www.brak.de\">ww.brak.de<\/a>.<br><br><strong>Competent supervisory authority<\/strong><br>Rechtsanwaltskammer M\u00fcnchen<br>Tal 33<br>80331 Munich, Germany<br>Phone: +49 (0)89 53 29 44 0<br>E-Mail: info@rak-muenchen.de<br><br><strong>Competent chamber<\/strong><br>Rechtsanwaltskammer M\u00fcnchen<br>Tal 33<br>80331 Munich, Germany<br>Phone: +49 (0)89 53 29 44 0<br>E-Mail: info@rak-muenchen.de<br><br><strong>Professional liability insurance<\/strong><br>Professional liability insurance is held with Versicherungskammer Bayern, Maximilianstr. 53, 80530 Munich.<\/div>\n\n\n\n<h4 id=\"gspb_heading-id-gsbp-bcf3e05\" class=\"gspb_heading gspb_heading-id-gsbp-bcf3e05 \">Legal Information<\/h4>\n\n\n\n<div id=\"gspb_text-id-gsbp-9711a64\" class=\"gspb_text gspb_text-id-gsbp-9711a64 \"><strong>Copyright, brands and trademarks<\/strong><br>All rights reserved. The contents of this website are protected by copyright. The content or design of these pages may not be reproduced in any form or processed, copied or distributed using electronic systems without the written permission of AuerBlohberger Partnerschaft mbB, unless expressly stated otherwise.<br>All brand names and trademarks mentioned on this website are subject without restriction to the provisions of the applicable trademark law and, where applicable, the ownership rights of the respective registered owners.<br><br><strong>Links<\/strong><br>AuerBlohberger Partnerschaft mbB has no influence on the design, content and data protection policy of external websites. AuerBlohberger Partnerschaft mbB therefore distances itself from all third-party content, even if a link to these external sites has been set from its pages. This declaration applies to all links displayed on our website and to all contents of the pages to which the banners and links registered with us lead.<br><br>Image material: istockphoto.com<\/div>\n<\/div>\n","protected":false},"excerpt":{"rendered":"","protected":false},"author":1,"featured_media":0,"parent":0,"menu_order":0,"comment_status":"closed","ping_status":"closed","template":"","meta":{"_gspb_post_css":"#gspb_heading-id-gsbp-bf94dc64-75bd,#gspb_heading-id-gsbp-bf94dc64-75bd .gsap-g-line{text-align:center!important}#gspb_heading-id-gsbp-bf94dc64-75bd{color:#fff;margin-top:0;margin-bottom:0}@media (max-width:575.98px){#gspb_heading-id-gsbp-bf94dc64-75bd{margin-top:0}}#gspb_row-id-gsbp-62bdcfc3-7697{justify-content:space-between;margin-top:0;display:flex;flex-wrap:wrap;min-height:600px;margin-bottom:80px;padding-top:250px;padding-bottom:180px}#gspb_row-id-gsbp-62bdcfc3-7697>.gspb_row__content{display:flex;justify-content:space-between;margin:0 auto;width:100%;flex-wrap:wrap}.gspb_row{position:relative}div[id^=gspb_col-id]{padding:15px min(3vw,20px);box-sizing:border-box;position:relative}body.gspb-bodyfront #gspb_row-id-gsbp-62bdcfc3-7697>.gspb_row__content{width:var(--theme-container-width, 1200px);max-width:var(--theme-normal-container-max-width, 1200px)}@media (max-width:991.98px){#gspb_row-id-gsbp-62bdcfc3-7697{margin-bottom:60px;padding-top:150px;padding-bottom:100px}}#gspb_row-id-gsbp-62bdcfc3-7697{background-size:cover;background-repeat:no-repeat;background-position:50% 50%;background-image:url(http:\/\/auerblohberger.com\/en\/wp-content\/uploads\/sites\/2\/2024\/02\/imprint-115036211.jpg);isolation:isolate}#gspb_row-id-gsbp-62bdcfc3-7697:hover{background-size:cover}#gspb_row-id-gsbp-62bdcfc3-7697>.gspb_backgroundOverlay{position:absolute;top:0;left:0;width:100%;height:100%;z-index:-1;opacity:.4;background-color:#000}#gspb_heading-id-gsbp-157960a3-7cfb,#gspb_heading-id-gsbp-b746c47,#gspb_heading-id-gsbp-bcf3e05{margin-top:40px;margin-bottom:20px}#gspb_col-id-gsbp-f75a7ac2-edf1.gspb_row__col--12{width:100%}@media (max-width:575.98px){#gspb_col-id-gsbp-f75a7ac2-edf1.gspb_row__col--12{width:100%}}.gspb_row #gspb_col-id-gsbp-f75a7ac2-edf1.gspb_row__col--12{padding-bottom:130px}.gspb_container-id-gsbp-840058f{flex-direction:column;box-sizing:border-box}#gspb_container-id-gsbp-840058f.gspb_container>p:last-of-type{margin-bottom:0}.gspb_container{position:relative}#gspb_container-id-gsbp-840058f.gspb_container{margin-bottom:120px;padding-right:60px;padding-bottom:120px;padding-left:60px}@media (max-width:575.98px){#gspb_container-id-gsbp-840058f.gspb_container{padding-right:10px;padding-left:10px}}","footnotes":""},"blocksy_meta":{"has_hero_section":"disabled","vertical_spacing_source":"custom","content_area_spacing":"none","styles_descriptor":{"styles":{"desktop":"","tablet":"","mobile":""},"google_fonts":[],"version":6}},"yoast_head":"<!-- This site is optimized with the Yoast SEO plugin v22.1 - https:\/\/yoast.com\/wordpress\/plugins\/seo\/ -->\n<title>Imprint - AuerBlohberger<\/title>\n<meta name=\"robots\" content=\"index, follow, max-snippet:-1, max-image-preview:large, max-video-preview:-1\" \/>\n<link rel=\"canonical\" href=\"https:\/\/auerblohberger.com\/en\/imprint\/\" \/>\n<meta property=\"og:locale\" content=\"en_US\" \/>\n<meta property=\"og:type\" content=\"article\" \/>\n<meta property=\"og:title\" content=\"Imprint - AuerBlohberger\" \/>\n<meta property=\"og:url\" content=\"https:\/\/auerblohberger.com\/en\/imprint\/\" \/>\n<meta property=\"og:site_name\" content=\"AuerBlohberger\" \/>\n<meta property=\"article:modified_time\" content=\"2024-02-28T21:39:18+00:00\" \/>\n<meta name=\"twitter:label1\" content=\"Est. reading time\" \/>\n\t<meta name=\"twitter:data1\" content=\"3 minutes\" \/>\n<script type=\"application\/ld+json\" class=\"yoast-schema-graph\">{\"@context\":\"https:\/\/schema.org\",\"@graph\":[{\"@type\":\"WebPage\",\"@id\":\"https:\/\/auerblohberger.com\/en\/imprint\/\",\"url\":\"https:\/\/auerblohberger.com\/en\/imprint\/\",\"name\":\"Imprint - AuerBlohberger\",\"isPartOf\":{\"@id\":\"https:\/\/auerblohberger.com\/en\/#website\"},\"datePublished\":\"2023-12-18T09:52:53+00:00\",\"dateModified\":\"2024-02-28T21:39:18+00:00\",\"breadcrumb\":{\"@id\":\"https:\/\/auerblohberger.com\/en\/imprint\/#breadcrumb\"},\"inLanguage\":\"en-US\",\"potentialAction\":[{\"@type\":\"ReadAction\",\"target\":[\"https:\/\/auerblohberger.com\/en\/imprint\/\"]}]},{\"@type\":\"BreadcrumbList\",\"@id\":\"https:\/\/auerblohberger.com\/en\/imprint\/#breadcrumb\",\"itemListElement\":[{\"@type\":\"ListItem\",\"position\":1,\"name\":\"Home\",\"item\":\"https:\/\/auerblohberger.com\/en\/\"},{\"@type\":\"ListItem\",\"position\":2,\"name\":\"Imprint\"}]},{\"@type\":\"WebSite\",\"@id\":\"https:\/\/auerblohberger.com\/en\/#website\",\"url\":\"https:\/\/auerblohberger.com\/en\/\",\"name\":\"AuerBlohberger\",\"description\":\"Accounting, Auditing, Tax, Law Firm\",\"publisher\":{\"@id\":\"https:\/\/auerblohberger.com\/en\/#organization\"},\"potentialAction\":[{\"@type\":\"SearchAction\",\"target\":{\"@type\":\"EntryPoint\",\"urlTemplate\":\"https:\/\/auerblohberger.com\/en\/?s={search_term_string}\"},\"query-input\":\"required name=search_term_string\"}],\"inLanguage\":\"en-US\"},{\"@type\":\"Organization\",\"@id\":\"https:\/\/auerblohberger.com\/en\/#organization\",\"name\":\"AuerBlohberger\",\"url\":\"https:\/\/auerblohberger.com\/en\/\",\"logo\":{\"@type\":\"ImageObject\",\"inLanguage\":\"en-US\",\"@id\":\"https:\/\/auerblohberger.com\/en\/#\/schema\/logo\/image\/\",\"url\":\"https:\/\/auerblohberger.com\/en\/wp-content\/uploads\/sites\/2\/2024\/02\/logo-auerblohberger.png\",\"contentUrl\":\"https:\/\/auerblohberger.com\/en\/wp-content\/uploads\/sites\/2\/2024\/02\/logo-auerblohberger.png\",\"width\":2116,\"height\":506,\"caption\":\"AuerBlohberger\"},\"image\":{\"@id\":\"https:\/\/auerblohberger.com\/en\/#\/schema\/logo\/image\/\"}}]}<\/script>\n<!-- \/ Yoast SEO plugin. -->","yoast_head_json":{"title":"Imprint - AuerBlohberger","robots":{"index":"index","follow":"follow","max-snippet":"max-snippet:-1","max-image-preview":"max-image-preview:large","max-video-preview":"max-video-preview:-1"},"canonical":"https:\/\/auerblohberger.com\/en\/imprint\/","og_locale":"en_US","og_type":"article","og_title":"Imprint - AuerBlohberger","og_url":"https:\/\/auerblohberger.com\/en\/imprint\/","og_site_name":"AuerBlohberger","article_modified_time":"2024-02-28T21:39:18+00:00","twitter_misc":{"Est. reading time":"3 minutes"},"schema":{"@context":"https:\/\/schema.org","@graph":[{"@type":"WebPage","@id":"https:\/\/auerblohberger.com\/en\/imprint\/","url":"https:\/\/auerblohberger.com\/en\/imprint\/","name":"Imprint - AuerBlohberger","isPartOf":{"@id":"https:\/\/auerblohberger.com\/en\/#website"},"datePublished":"2023-12-18T09:52:53+00:00","dateModified":"2024-02-28T21:39:18+00:00","breadcrumb":{"@id":"https:\/\/auerblohberger.com\/en\/imprint\/#breadcrumb"},"inLanguage":"en-US","potentialAction":[{"@type":"ReadAction","target":["https:\/\/auerblohberger.com\/en\/imprint\/"]}]},{"@type":"BreadcrumbList","@id":"https:\/\/auerblohberger.com\/en\/imprint\/#breadcrumb","itemListElement":[{"@type":"ListItem","position":1,"name":"Home","item":"https:\/\/auerblohberger.com\/en\/"},{"@type":"ListItem","position":2,"name":"Imprint"}]},{"@type":"WebSite","@id":"https:\/\/auerblohberger.com\/en\/#website","url":"https:\/\/auerblohberger.com\/en\/","name":"AuerBlohberger","description":"Accounting, Auditing, Tax, Law Firm","publisher":{"@id":"https:\/\/auerblohberger.com\/en\/#organization"},"potentialAction":[{"@type":"SearchAction","target":{"@type":"EntryPoint","urlTemplate":"https:\/\/auerblohberger.com\/en\/?s={search_term_string}"},"query-input":"required name=search_term_string"}],"inLanguage":"en-US"},{"@type":"Organization","@id":"https:\/\/auerblohberger.com\/en\/#organization","name":"AuerBlohberger","url":"https:\/\/auerblohberger.com\/en\/","logo":{"@type":"ImageObject","inLanguage":"en-US","@id":"https:\/\/auerblohberger.com\/en\/#\/schema\/logo\/image\/","url":"https:\/\/auerblohberger.com\/en\/wp-content\/uploads\/sites\/2\/2024\/02\/logo-auerblohberger.png","contentUrl":"https:\/\/auerblohberger.com\/en\/wp-content\/uploads\/sites\/2\/2024\/02\/logo-auerblohberger.png","width":2116,"height":506,"caption":"AuerBlohberger"},"image":{"@id":"https:\/\/auerblohberger.com\/en\/#\/schema\/logo\/image\/"}}]}},"_links":{"self":[{"href":"https:\/\/auerblohberger.com\/en\/wp-json\/wp\/v2\/pages\/760"}],"collection":[{"href":"https:\/\/auerblohberger.com\/en\/wp-json\/wp\/v2\/pages"}],"about":[{"href":"https:\/\/auerblohberger.com\/en\/wp-json\/wp\/v2\/types\/page"}],"author":[{"embeddable":true,"href":"https:\/\/auerblohberger.com\/en\/wp-json\/wp\/v2\/users\/1"}],"replies":[{"embeddable":true,"href":"https:\/\/auerblohberger.com\/en\/wp-json\/wp\/v2\/comments?post=760"}],"version-history":[{"count":8,"href":"https:\/\/auerblohberger.com\/en\/wp-json\/wp\/v2\/pages\/760\/revisions"}],"predecessor-version":[{"id":935,"href":"https:\/\/auerblohberger.com\/en\/wp-json\/wp\/v2\/pages\/760\/revisions\/935"}],"wp:attachment":[{"href":"https:\/\/auerblohberger.com\/en\/wp-json\/wp\/v2\/media?parent=760"}],"curies":[{"name":"wp","href":"https:\/\/api.w.org\/{rel}","templated":true}]}}